{"id":388,"date":"2023-12-14T08:56:01","date_gmt":"2023-12-14T07:56:01","guid":{"rendered":"http:\/\/www.vivreamontdenis.fr\/?page_id=388"},"modified":"2023-12-14T08:57:49","modified_gmt":"2023-12-14T07:57:49","slug":"poterie-de-montdenis","status":"publish","type":"page","link":"https:\/\/www.vivreamontdenis.fr\/index.php\/poterie-de-montdenis\/","title":{"rendered":"Poterie de Montdenis"},"content":{"rendered":"\n<div class=\"wp-block-uagb-container uagb-block-b159d5cc alignfull uagb-is-root-container\"><div class=\"uagb-container-inner-blocks-wrap\">\n<h4 class=\"wp-block-heading\">Annie <strong>Tastard<\/strong> <\/h4>\n\n\n\n<p><strong>Exposition vente<\/strong><br>Visite de l&rsquo;exposition: <br>en Juillet et\u00a0 Ao\u00fbt, tous les jours de 11h \u00e0 19h, <br>en dehors de l&rsquo;\u00e9t\u00e9, merci de t\u00e9l\u00e9phoner au 04 79 59 62 97<br><\/p>\n\n\n\n<p><strong>Les villes (dans le hameau de Montdenis)<br>73870 Saint-Julien-Montdenis<\/strong><br>04 79 59 62 97<br>annie.tastard@orange.fr<\/p>\n<\/div><\/div>\n","protected":false},"excerpt":{"rendered":"<p>Annie Tastard Exposition venteVisite de l&rsquo;exposition: en Juillet et\u00a0 Ao\u00fbt, tous les jours de 11h \u00e0 19h, en dehors de l&rsquo;\u00e9t\u00e9, merci de t\u00e9l\u00e9phoner au 04 79 59 62 97 Les villes (dans le hameau de Montdenis)73870 Saint-Julien-Montdenis04 79 59 62 97annie.tastard@orange.fr<\/p>\n","protected":false},"author":1,"featured_media":0,"parent":0,"menu_order":0,"comment_status":"closed","ping_status":"closed","template":"","meta":{"_uag_custom_page_level_css":"","site-sidebar-layout":"default","site-content-layout":"","ast-site-content-layout":"default","site-content-style":"default","site-sidebar-style":"default","ast-global-header-display":"","ast-banner-title-visibility":"","ast-main-header-display":"","ast-hfb-above-header-display":"","ast-hfb-below-header-display":"","ast-hfb-mobile-header-display":"","site-post-title":"","ast-breadcrumbs-content":"","ast-featured-img":"","footer-sml-layout":"","ast-disable-related-posts":"","theme-transparent-header-meta":"","adv-header-id-meta":"","stick-header-meta":"","header-above-stick-meta":"","header-main-stick-meta":"","header-below-stick-meta":"","astra-migrate-meta-layouts":"default","ast-page-background-enabled":"default","ast-page-background-meta":{"desktop":{"background-color":"var(--ast-global-color-4)","background-image":"","background-repeat":"repeat","background-position":"center center","background-size":"auto","background-attachment":"scroll","background-type":"","background-media":"","overlay-type":"","overlay-color":"","overlay-opacity":"","overlay-gradient":""},"tablet":{"background-color":"","background-image":"","background-repeat":"repeat","background-position":"center center","background-size":"auto","background-attachment":"scroll","background-type":"","background-media":"","overlay-type":"","overlay-color":"","overlay-opacity":"","overlay-gradient":""},"mobile":{"background-color":"","background-image":"","background-repeat":"repeat","background-position":"center center","background-size":"auto","background-attachment":"scroll","background-type":"","background-media":"","overlay-type":"","overlay-color":"","overlay-opacity":"","overlay-gradient":""}},"ast-content-background-meta":{"desktop":{"background-color":"var(--ast-global-color-5)","background-image":"","background-repeat":"repeat","background-position":"center center","background-size":"auto","background-attachment":"scroll","background-type":"","background-media":"","overlay-type":"","overlay-color":"","overlay-opacity":"","overlay-gradient":""},"tablet":{"background-color":"var(--ast-global-color-5)","background-image":"","background-repeat":"repeat","background-position":"center center","background-size":"auto","background-attachment":"scroll","background-type":"","background-media":"","overlay-type":"","overlay-color":"","overlay-opacity":"","overlay-gradient":""},"mobile":{"background-color":"var(--ast-global-color-5)","background-image":"","background-repeat":"repeat","background-position":"center center","background-size":"auto","background-attachment":"scroll","background-type":"","background-media":"","overlay-type":"","overlay-color":"","overlay-opacity":"","overlay-gradient":""}},"footnotes":""},"class_list":["post-388","page","type-page","status-publish","hentry"],"uagb_featured_image_src":{"full":false,"thumbnail":false,"medium":false,"medium_large":false,"large":false,"1536x1536":false,"2048x2048":false},"uagb_author_info":{"display_name":"Didier de la Ros\u00ea","author_link":"https:\/\/www.vivreamontdenis.fr\/index.php\/author\/admin3402\/"},"uagb_comment_info":0,"uagb_excerpt":"Annie Tastard Exposition venteVisite de l&rsquo;exposition: en Juillet et\u00a0 Ao\u00fbt, tous les jours de 11h \u00e0 19h, en dehors de l&rsquo;\u00e9t\u00e9, merci de t\u00e9l\u00e9phoner au 04 79 59 62 97 Les villes (dans le hameau de Montdenis)73870 Saint-Julien-Montdenis04 79 59 62 97annie.tastard@orange.fr","_links":{"self":[{"href":"https:\/\/www.vivreamontdenis.fr\/index.php\/wp-json\/wp\/v2\/pages\/388","targetHints":{"allow":["GET"]}}],"collection":[{"href":"https:\/\/www.vivreamontdenis.fr\/index.php\/wp-json\/wp\/v2\/pages"}],"about":[{"href":"https:\/\/www.vivreamontdenis.fr\/index.php\/wp-json\/wp\/v2\/types\/page"}],"author":[{"embeddable":true,"href":"https:\/\/www.vivreamontdenis.fr\/index.php\/wp-json\/wp\/v2\/users\/1"}],"replies":[{"embeddable":true,"href":"https:\/\/www.vivreamontdenis.fr\/index.php\/wp-json\/wp\/v2\/comments?post=388"}],"version-history":[{"count":0,"href":"https:\/\/www.vivreamontdenis.fr\/index.php\/wp-json\/wp\/v2\/pages\/388\/revisions"}],"wp:attachment":[{"href":"https:\/\/www.vivreamontdenis.fr\/index.php\/wp-json\/wp\/v2\/media?parent=388"}],"curies":[{"name":"wp","href":"https:\/\/api.w.org\/{rel}","templated":true}]}}